{"id":65638,"date":"2024-12-19T12:05:45","date_gmt":"2024-12-19T09:05:45","guid":{"rendered":"https:\/\/strongpim.com\/?page_id=65638"},"modified":"2024-12-19T12:42:56","modified_gmt":"2024-12-19T09:42:56","slug":"markalar","status":"publish","type":"page","link":"https:\/\/strongpim.com\/tr\/markalar\/","title":{"rendered":"Markalar"},"content":{"rendered":"\t\t<div data-elementor-type=\"wp-page\" data-elementor-id=\"65638\" class=\"elementor elementor-65638\">\n\t\t\t\t<div class=\"elementor-element elementor-element-032ec89 e-flex e-con-boxed e-con e-parent\" data-id=\"032ec89\" data-element_type=\"container\">\n\t\t\t\t\t<div class=\"e-con-inner\">\n\t\t\t\t<div class=\"elementor-element elementor-element-e1c9413 elementor-widget elementor-widget-heading\" data-id=\"e1c9413\" data-element_type=\"widget\" data-widget_type=\"heading.default\">\n\t\t\t\t<div class=\"elementor-widget-container\">\n\t\t\t\t\t<h2 class=\"elementor-heading-title elementor-size-default\">Hizmet Verdi\u011fimiz Ba\u015fl\u0131ca Markalar<\/h2>\t\t\t\t<\/div>\n\t\t\t\t<\/div>\n\t\t\t\t\t<\/div>\n\t\t\t\t<\/div>\n\t\t<div class=\"elementor-element elementor-element-23f7585 e-flex e-con-boxed e-con e-parent\" data-id=\"23f7585\" data-element_type=\"container\">\n\t\t\t\t\t<div class=\"e-con-inner\">\n\t\t\t\t<div class=\"elementor-element elementor-element-5b84ee3 elementor-widget elementor-widget-image-gallery\" data-id=\"5b84ee3\" data-element_type=\"widget\" data-widget_type=\"image-gallery.default\">\n\t\t\t\t<div class=\"elementor-widget-container\">\n\t\t\t\t\t\t\t<div class=\"elementor-image-gallery\">\n\t\t\t<div id='gallery-1' class='gallery galleryid-65638 gallery-columns-4 gallery-size-full'><figure class='gallery-item'>\n\t\t\t<div class='gallery-icon landscape'>\n\t\t\t\t<a data-elementor-open-lightbox=\"yes\" data-elementor-lightbox-slideshow=\"5b84ee3\" data-elementor-lightbox-title=\"atlascopco\" data-e-action-hash=\"#elementor-action%3Aaction%3Dlightbox%26settings%3DeyJpZCI6NjU2NDAsInVybCI6Imh0dHBzOlwvXC9zdHJvbmdwaW0uY29tXC93cC1jb250ZW50XC91cGxvYWRzXC8yMDI0XC8xMlwvYXRsYXNjb3Bjby5qcGciLCJzbGlkZXNob3ciOiI1Yjg0ZWUzIn0%3D\" href='https:\/\/strongpim.com\/wp-content\/uploads\/2024\/12\/atlascopco.jpg'><img decoding=\"async\" width=\"200\" height=\"70\" src=\"https:\/\/strongpim.com\/wp-content\/uploads\/2024\/12\/atlascopco.jpg\" class=\"attachment-full size-full\" alt=\"\" \/><\/a>\n\t\t\t<\/div><\/figure><figure class='gallery-item'>\n\t\t\t<div class='gallery-icon landscape'>\n\t\t\t\t<a data-elementor-open-lightbox=\"yes\" data-elementor-lightbox-slideshow=\"5b84ee3\" data-elementor-lightbox-title=\"bauer\" data-e-action-hash=\"#elementor-action%3Aaction%3Dlightbox%26settings%3DeyJpZCI6NjU2NDIsInVybCI6Imh0dHBzOlwvXC9zdHJvbmdwaW0uY29tXC93cC1jb250ZW50XC91cGxvYWRzXC8yMDI0XC8xMlwvYmF1ZXIuanBnIiwic2xpZGVzaG93IjoiNWI4NGVlMyJ9\" href='https:\/\/strongpim.com\/wp-content\/uploads\/2024\/12\/bauer.jpg'><img decoding=\"async\" width=\"200\" height=\"70\" src=\"https:\/\/strongpim.com\/wp-content\/uploads\/2024\/12\/bauer.jpg\" class=\"attachment-full size-full\" alt=\"\" \/><\/a>\n\t\t\t<\/div><\/figure><figure class='gallery-item'>\n\t\t\t<div class='gallery-icon landscape'>\n\t\t\t\t<a data-elementor-open-lightbox=\"yes\" data-elementor-lightbox-slideshow=\"5b84ee3\" data-elementor-lightbox-title=\"bomag\" data-e-action-hash=\"#elementor-action%3Aaction%3Dlightbox%26settings%3DeyJpZCI6NjU2NDQsInVybCI6Imh0dHBzOlwvXC9zdHJvbmdwaW0uY29tXC93cC1jb250ZW50XC91cGxvYWRzXC8yMDI0XC8xMlwvYm9tYWcuanBnIiwic2xpZGVzaG93IjoiNWI4NGVlMyJ9\" href='https:\/\/strongpim.com\/wp-content\/uploads\/2024\/12\/bomag.jpg'><img decoding=\"async\" width=\"200\" height=\"70\" src=\"https:\/\/strongpim.com\/wp-content\/uploads\/2024\/12\/bomag.jpg\" class=\"attachment-full size-full\" alt=\"\" \/><\/a>\n\t\t\t<\/div><\/figure><figure class='gallery-item'>\n\t\t\t<div class='gallery-icon landscape'>\n\t\t\t\t<a data-elementor-open-lightbox=\"yes\" data-elementor-lightbox-slideshow=\"5b84ee3\" data-elementor-lightbox-title=\"case\" data-e-action-hash=\"#elementor-action%3Aaction%3Dlightbox%26settings%3DeyJpZCI6NjU2NDYsInVybCI6Imh0dHBzOlwvXC9zdHJvbmdwaW0uY29tXC93cC1jb250ZW50XC91cGxvYWRzXC8yMDI0XC8xMlwvY2FzZS5qcGciLCJzbGlkZXNob3ciOiI1Yjg0ZWUzIn0%3D\" href='https:\/\/strongpim.com\/wp-content\/uploads\/2024\/12\/case.jpg'><img loading=\"lazy\" decoding=\"async\" width=\"200\" height=\"70\" src=\"https:\/\/strongpim.com\/wp-content\/uploads\/2024\/12\/case.jpg\" class=\"attachment-full size-full\" alt=\"\" \/><\/a>\n\t\t\t<\/div><\/figure><figure class='gallery-item'>\n\t\t\t<div class='gallery-icon landscape'>\n\t\t\t\t<a data-elementor-open-lightbox=\"yes\" data-elementor-lightbox-slideshow=\"5b84ee3\" data-elementor-lightbox-title=\"cukurova\" data-e-action-hash=\"#elementor-action%3Aaction%3Dlightbox%26settings%3DeyJpZCI6NjU2NDgsInVybCI6Imh0dHBzOlwvXC9zdHJvbmdwaW0uY29tXC93cC1jb250ZW50XC91cGxvYWRzXC8yMDI0XC8xMlwvY3VrdXJvdmEuanBnIiwic2xpZGVzaG93IjoiNWI4NGVlMyJ9\" href='https:\/\/strongpim.com\/wp-content\/uploads\/2024\/12\/cukurova.jpg'><img loading=\"lazy\" decoding=\"async\" width=\"200\" height=\"70\" src=\"https:\/\/strongpim.com\/wp-content\/uploads\/2024\/12\/cukurova.jpg\" class=\"attachment-full size-full\" alt=\"\" \/><\/a>\n\t\t\t<\/div><\/figure><figure class='gallery-item'>\n\t\t\t<div class='gallery-icon landscape'>\n\t\t\t\t<a data-elementor-open-lightbox=\"yes\" data-elementor-lightbox-slideshow=\"5b84ee3\" data-elementor-lightbox-title=\"daewoo\" data-e-action-hash=\"#elementor-action%3Aaction%3Dlightbox%26settings%3DeyJpZCI6NjU2NTAsInVybCI6Imh0dHBzOlwvXC9zdHJvbmdwaW0uY29tXC93cC1jb250ZW50XC91cGxvYWRzXC8yMDI0XC8xMlwvZGFld29vLmpwZyIsInNsaWRlc2hvdyI6IjViODRlZTMifQ%3D%3D\" href='https:\/\/strongpim.com\/wp-content\/uploads\/2024\/12\/daewoo.jpg'><img loading=\"lazy\" decoding=\"async\" width=\"200\" height=\"70\" src=\"https:\/\/strongpim.com\/wp-content\/uploads\/2024\/12\/daewoo.jpg\" class=\"attachment-full size-full\" alt=\"\" \/><\/a>\n\t\t\t<\/div><\/figure><figure class='gallery-item'>\n\t\t\t<div class='gallery-icon landscape'>\n\t\t\t\t<a data-elementor-open-lightbox=\"yes\" data-elementor-lightbox-slideshow=\"5b84ee3\" data-elementor-lightbox-title=\"demag\" data-e-action-hash=\"#elementor-action%3Aaction%3Dlightbox%26settings%3DeyJpZCI6NjU2NTIsInVybCI6Imh0dHBzOlwvXC9zdHJvbmdwaW0uY29tXC93cC1jb250ZW50XC91cGxvYWRzXC8yMDI0XC8xMlwvZGVtYWcuanBnIiwic2xpZGVzaG93IjoiNWI4NGVlMyJ9\" href='https:\/\/strongpim.com\/wp-content\/uploads\/2024\/12\/demag.jpg'><img loading=\"lazy\" decoding=\"async\" width=\"200\" height=\"70\" src=\"https:\/\/strongpim.com\/wp-content\/uploads\/2024\/12\/demag.jpg\" class=\"attachment-full size-full\" alt=\"\" \/><\/a>\n\t\t\t<\/div><\/figure><figure class='gallery-item'>\n\t\t\t<div class='gallery-icon landscape'>\n\t\t\t\t<a data-elementor-open-lightbox=\"yes\" data-elementor-lightbox-slideshow=\"5b84ee3\" data-elementor-lightbox-title=\"doosan\" data-e-action-hash=\"#elementor-action%3Aaction%3Dlightbox%26settings%3DeyJpZCI6NjU2NTQsInVybCI6Imh0dHBzOlwvXC9zdHJvbmdwaW0uY29tXC93cC1jb250ZW50XC91cGxvYWRzXC8yMDI0XC8xMlwvZG9vc2FuLmpwZyIsInNsaWRlc2hvdyI6IjViODRlZTMifQ%3D%3D\" href='https:\/\/strongpim.com\/wp-content\/uploads\/2024\/12\/doosan.jpg'><img loading=\"lazy\" decoding=\"async\" width=\"200\" height=\"70\" src=\"https:\/\/strongpim.com\/wp-content\/uploads\/2024\/12\/doosan.jpg\" class=\"attachment-full size-full\" alt=\"\" \/><\/a>\n\t\t\t<\/div><\/figure><figure class='gallery-item'>\n\t\t\t<div class='gallery-icon landscape'>\n\t\t\t\t<a data-elementor-open-lightbox=\"yes\" data-elementor-lightbox-slideshow=\"5b84ee3\" data-elementor-lightbox-title=\"dynapac\" data-e-action-hash=\"#elementor-action%3Aaction%3Dlightbox%26settings%3DeyJpZCI6NjU2NTYsInVybCI6Imh0dHBzOlwvXC9zdHJvbmdwaW0uY29tXC93cC1jb250ZW50XC91cGxvYWRzXC8yMDI0XC8xMlwvZHluYXBhYy5qcGciLCJzbGlkZXNob3ciOiI1Yjg0ZWUzIn0%3D\" href='https:\/\/strongpim.com\/wp-content\/uploads\/2024\/12\/dynapac.jpg'><img loading=\"lazy\" decoding=\"async\" width=\"200\" height=\"70\" src=\"https:\/\/strongpim.com\/wp-content\/uploads\/2024\/12\/dynapac.jpg\" class=\"attachment-full size-full\" alt=\"\" \/><\/a>\n\t\t\t<\/div><\/figure><figure class='gallery-item'>\n\t\t\t<div class='gallery-icon landscape'>\n\t\t\t\t<a data-elementor-open-lightbox=\"yes\" data-elementor-lightbox-slideshow=\"5b84ee3\" data-elementor-lightbox-title=\"fiatallis\" data-e-action-hash=\"#elementor-action%3Aaction%3Dlightbox%26settings%3DeyJpZCI6NjU2NTgsInVybCI6Imh0dHBzOlwvXC9zdHJvbmdwaW0uY29tXC93cC1jb250ZW50XC91cGxvYWRzXC8yMDI0XC8xMlwvZmlhdGFsbGlzLmpwZyIsInNsaWRlc2hvdyI6IjViODRlZTMifQ%3D%3D\" href='https:\/\/strongpim.com\/wp-content\/uploads\/2024\/12\/fiatallis.jpg'><img loading=\"lazy\" decoding=\"async\" width=\"200\" height=\"70\" src=\"https:\/\/strongpim.com\/wp-content\/uploads\/2024\/12\/fiatallis.jpg\" class=\"attachment-full size-full\" alt=\"\" \/><\/a>\n\t\t\t<\/div><\/figure><figure class='gallery-item'>\n\t\t\t<div class='gallery-icon landscape'>\n\t\t\t\t<a data-elementor-open-lightbox=\"yes\" data-elementor-lightbox-slideshow=\"5b84ee3\" data-elementor-lightbox-title=\"fiathitachi\" data-e-action-hash=\"#elementor-action%3Aaction%3Dlightbox%26settings%3DeyJpZCI6NjU2NjAsInVybCI6Imh0dHBzOlwvXC9zdHJvbmdwaW0uY29tXC93cC1jb250ZW50XC91cGxvYWRzXC8yMDI0XC8xMlwvZmlhdGhpdGFjaGkuanBnIiwic2xpZGVzaG93IjoiNWI4NGVlMyJ9\" href='https:\/\/strongpim.com\/wp-content\/uploads\/2024\/12\/fiathitachi.jpg'><img loading=\"lazy\" decoding=\"async\" width=\"200\" height=\"70\" src=\"https:\/\/strongpim.com\/wp-content\/uploads\/2024\/12\/fiathitachi.jpg\" class=\"attachment-full size-full\" alt=\"\" \/><\/a>\n\t\t\t<\/div><\/figure><figure class='gallery-item'>\n\t\t\t<div class='gallery-icon landscape'>\n\t\t\t\t<a data-elementor-open-lightbox=\"yes\" data-elementor-lightbox-slideshow=\"5b84ee3\" data-elementor-lightbox-title=\"furukawa\" data-e-action-hash=\"#elementor-action%3Aaction%3Dlightbox%26settings%3DeyJpZCI6NjU2NjIsInVybCI6Imh0dHBzOlwvXC9zdHJvbmdwaW0uY29tXC93cC1jb250ZW50XC91cGxvYWRzXC8yMDI0XC8xMlwvZnVydWthd2EuanBnIiwic2xpZGVzaG93IjoiNWI4NGVlMyJ9\" href='https:\/\/strongpim.com\/wp-content\/uploads\/2024\/12\/furukawa.jpg'><img loading=\"lazy\" decoding=\"async\" width=\"200\" height=\"70\" src=\"https:\/\/strongpim.com\/wp-content\/uploads\/2024\/12\/furukawa.jpg\" class=\"attachment-full size-full\" alt=\"\" \/><\/a>\n\t\t\t<\/div><\/figure><figure class='gallery-item'>\n\t\t\t<div class='gallery-icon landscape'>\n\t\t\t\t<a data-elementor-open-lightbox=\"yes\" data-elementor-lightbox-slideshow=\"5b84ee3\" data-elementor-lightbox-title=\"hidromek\" data-e-action-hash=\"#elementor-action%3Aaction%3Dlightbox%26settings%3DeyJpZCI6NjU2NjQsInVybCI6Imh0dHBzOlwvXC9zdHJvbmdwaW0uY29tXC93cC1jb250ZW50XC91cGxvYWRzXC8yMDI0XC8xMlwvaGlkcm9tZWsuanBnIiwic2xpZGVzaG93IjoiNWI4NGVlMyJ9\" href='https:\/\/strongpim.com\/wp-content\/uploads\/2024\/12\/hidromek.jpg'><img loading=\"lazy\" decoding=\"async\" width=\"200\" height=\"70\" src=\"https:\/\/strongpim.com\/wp-content\/uploads\/2024\/12\/hidromek.jpg\" class=\"attachment-full size-full\" alt=\"\" \/><\/a>\n\t\t\t<\/div><\/figure><figure class='gallery-item'>\n\t\t\t<div class='gallery-icon landscape'>\n\t\t\t\t<a data-elementor-open-lightbox=\"yes\" data-elementor-lightbox-slideshow=\"5b84ee3\" data-elementor-lightbox-title=\"hitachi\" data-e-action-hash=\"#elementor-action%3Aaction%3Dlightbox%26settings%3DeyJpZCI6NjU2NjYsInVybCI6Imh0dHBzOlwvXC9zdHJvbmdwaW0uY29tXC93cC1jb250ZW50XC91cGxvYWRzXC8yMDI0XC8xMlwvaGl0YWNoaS5qcGciLCJzbGlkZXNob3ciOiI1Yjg0ZWUzIn0%3D\" href='https:\/\/strongpim.com\/wp-content\/uploads\/2024\/12\/hitachi.jpg'><img loading=\"lazy\" decoding=\"async\" width=\"200\" height=\"70\" src=\"https:\/\/strongpim.com\/wp-content\/uploads\/2024\/12\/hitachi.jpg\" class=\"attachment-full size-full\" alt=\"\" \/><\/a>\n\t\t\t<\/div><\/figure><figure class='gallery-item'>\n\t\t\t<div class='gallery-icon landscape'>\n\t\t\t\t<a data-elementor-open-lightbox=\"yes\" data-elementor-lightbox-slideshow=\"5b84ee3\" data-elementor-lightbox-title=\"hyundai\" data-e-action-hash=\"#elementor-action%3Aaction%3Dlightbox%26settings%3DeyJpZCI6NjU2NjgsInVybCI6Imh0dHBzOlwvXC9zdHJvbmdwaW0uY29tXC93cC1jb250ZW50XC91cGxvYWRzXC8yMDI0XC8xMlwvaHl1bmRhaS5qcGciLCJzbGlkZXNob3ciOiI1Yjg0ZWUzIn0%3D\" href='https:\/\/strongpim.com\/wp-content\/uploads\/2024\/12\/hyundai.jpg'><img loading=\"lazy\" decoding=\"async\" width=\"200\" height=\"70\" src=\"https:\/\/strongpim.com\/wp-content\/uploads\/2024\/12\/hyundai.jpg\" class=\"attachment-full size-full\" alt=\"\" \/><\/a>\n\t\t\t<\/div><\/figure><figure class='gallery-item'>\n\t\t\t<div class='gallery-icon landscape'>\n\t\t\t\t<a data-elementor-open-lightbox=\"yes\" data-elementor-lightbox-slideshow=\"5b84ee3\" data-elementor-lightbox-title=\"iveco\" data-e-action-hash=\"#elementor-action%3Aaction%3Dlightbox%26settings%3DeyJpZCI6NjU2NzAsInVybCI6Imh0dHBzOlwvXC9zdHJvbmdwaW0uY29tXC93cC1jb250ZW50XC91cGxvYWRzXC8yMDI0XC8xMlwvaXZlY28uanBnIiwic2xpZGVzaG93IjoiNWI4NGVlMyJ9\" href='https:\/\/strongpim.com\/wp-content\/uploads\/2024\/12\/iveco.jpg'><img loading=\"lazy\" decoding=\"async\" width=\"200\" height=\"70\" src=\"https:\/\/strongpim.com\/wp-content\/uploads\/2024\/12\/iveco.jpg\" class=\"attachment-full size-full\" alt=\"\" \/><\/a>\n\t\t\t<\/div><\/figure><figure class='gallery-item'>\n\t\t\t<div class='gallery-icon landscape'>\n\t\t\t\t<a data-elementor-open-lightbox=\"yes\" data-elementor-lightbox-slideshow=\"5b84ee3\" data-elementor-lightbox-title=\"jcb\" data-e-action-hash=\"#elementor-action%3Aaction%3Dlightbox%26settings%3DeyJpZCI6NjU2NzIsInVybCI6Imh0dHBzOlwvXC9zdHJvbmdwaW0uY29tXC93cC1jb250ZW50XC91cGxvYWRzXC8yMDI0XC8xMlwvamNiLmpwZyIsInNsaWRlc2hvdyI6IjViODRlZTMifQ%3D%3D\" href='https:\/\/strongpim.com\/wp-content\/uploads\/2024\/12\/jcb.jpg'><img loading=\"lazy\" decoding=\"async\" width=\"200\" height=\"70\" src=\"https:\/\/strongpim.com\/wp-content\/uploads\/2024\/12\/jcb.jpg\" class=\"attachment-full size-full\" alt=\"\" \/><\/a>\n\t\t\t<\/div><\/figure><figure class='gallery-item'>\n\t\t\t<div class='gallery-icon landscape'>\n\t\t\t\t<a data-elementor-open-lightbox=\"yes\" data-elementor-lightbox-slideshow=\"5b84ee3\" data-elementor-lightbox-title=\"johndeere\" data-e-action-hash=\"#elementor-action%3Aaction%3Dlightbox%26settings%3DeyJpZCI6NjU2NzQsInVybCI6Imh0dHBzOlwvXC9zdHJvbmdwaW0uY29tXC93cC1jb250ZW50XC91cGxvYWRzXC8yMDI0XC8xMlwvam9obmRlZXJlLmpwZyIsInNsaWRlc2hvdyI6IjViODRlZTMifQ%3D%3D\" href='https:\/\/strongpim.com\/wp-content\/uploads\/2024\/12\/johndeere.jpg'><img loading=\"lazy\" decoding=\"async\" width=\"200\" height=\"70\" src=\"https:\/\/strongpim.com\/wp-content\/uploads\/2024\/12\/johndeere.jpg\" class=\"attachment-full size-full\" alt=\"\" \/><\/a>\n\t\t\t<\/div><\/figure><figure class='gallery-item'>\n\t\t\t<div class='gallery-icon landscape'>\n\t\t\t\t<a data-elementor-open-lightbox=\"yes\" data-elementor-lightbox-slideshow=\"5b84ee3\" data-elementor-lightbox-title=\"kato\" data-e-action-hash=\"#elementor-action%3Aaction%3Dlightbox%26settings%3DeyJpZCI6NjU2NzYsInVybCI6Imh0dHBzOlwvXC9zdHJvbmdwaW0uY29tXC93cC1jb250ZW50XC91cGxvYWRzXC8yMDI0XC8xMlwva2F0by5qcGciLCJzbGlkZXNob3ciOiI1Yjg0ZWUzIn0%3D\" href='https:\/\/strongpim.com\/wp-content\/uploads\/2024\/12\/kato.jpg'><img loading=\"lazy\" decoding=\"async\" width=\"200\" height=\"70\" src=\"https:\/\/strongpim.com\/wp-content\/uploads\/2024\/12\/kato.jpg\" class=\"attachment-full size-full\" alt=\"\" \/><\/a>\n\t\t\t<\/div><\/figure><figure class='gallery-item'>\n\t\t\t<div class='gallery-icon landscape'>\n\t\t\t\t<a data-elementor-open-lightbox=\"yes\" data-elementor-lightbox-slideshow=\"5b84ee3\" data-elementor-lightbox-title=\"kawasaki\" data-e-action-hash=\"#elementor-action%3Aaction%3Dlightbox%26settings%3DeyJpZCI6NjU2NzgsInVybCI6Imh0dHBzOlwvXC9zdHJvbmdwaW0uY29tXC93cC1jb250ZW50XC91cGxvYWRzXC8yMDI0XC8xMlwva2F3YXNha2kuanBnIiwic2xpZGVzaG93IjoiNWI4NGVlMyJ9\" href='https:\/\/strongpim.com\/wp-content\/uploads\/2024\/12\/kawasaki.jpg'><img loading=\"lazy\" decoding=\"async\" width=\"200\" height=\"70\" src=\"https:\/\/strongpim.com\/wp-content\/uploads\/2024\/12\/kawasaki.jpg\" class=\"attachment-full size-full\" alt=\"\" \/><\/a>\n\t\t\t<\/div><\/figure><figure class='gallery-item'>\n\t\t\t<div class='gallery-icon landscape'>\n\t\t\t\t<a data-elementor-open-lightbox=\"yes\" data-elementor-lightbox-slideshow=\"5b84ee3\" data-elementor-lightbox-title=\"kobelco\" data-e-action-hash=\"#elementor-action%3Aaction%3Dlightbox%26settings%3DeyJpZCI6NjU2ODAsInVybCI6Imh0dHBzOlwvXC9zdHJvbmdwaW0uY29tXC93cC1jb250ZW50XC91cGxvYWRzXC8yMDI0XC8xMlwva29iZWxjby5qcGciLCJzbGlkZXNob3ciOiI1Yjg0ZWUzIn0%3D\" href='https:\/\/strongpim.com\/wp-content\/uploads\/2024\/12\/kobelco.jpg'><img loading=\"lazy\" decoding=\"async\" width=\"200\" height=\"70\" src=\"https:\/\/strongpim.com\/wp-content\/uploads\/2024\/12\/kobelco.jpg\" class=\"attachment-full size-full\" alt=\"\" \/><\/a>\n\t\t\t<\/div><\/figure><figure class='gallery-item'>\n\t\t\t<div class='gallery-icon landscape'>\n\t\t\t\t<a data-elementor-open-lightbox=\"yes\" data-elementor-lightbox-slideshow=\"5b84ee3\" data-elementor-lightbox-title=\"komatsu\" data-e-action-hash=\"#elementor-action%3Aaction%3Dlightbox%26settings%3DeyJpZCI6NjU2ODIsInVybCI6Imh0dHBzOlwvXC9zdHJvbmdwaW0uY29tXC93cC1jb250ZW50XC91cGxvYWRzXC8yMDI0XC8xMlwva29tYXRzdS5qcGciLCJzbGlkZXNob3ciOiI1Yjg0ZWUzIn0%3D\" href='https:\/\/strongpim.com\/wp-content\/uploads\/2024\/12\/komatsu.jpg'><img loading=\"lazy\" decoding=\"async\" width=\"200\" height=\"70\" src=\"https:\/\/strongpim.com\/wp-content\/uploads\/2024\/12\/komatsu.jpg\" class=\"attachment-full size-full\" alt=\"\" \/><\/a>\n\t\t\t<\/div><\/figure>\n\t\t<\/div>\n\t\t<\/div>\n\t\t\t\t\t\t<\/div>\n\t\t\t\t<\/div>\n\t\t\t\t\t<\/div>\n\t\t\t\t<\/div>\n\t\t\t\t<\/div>\n\t\t","protected":false},"excerpt":{"rendered":"<p>Hizmet Verdi\u011fimiz Ba\u015fl\u0131ca Markalar<\/p>\n","protected":false},"author":1,"featured_media":0,"parent":0,"menu_order":0,"comment_status":"closed","ping_status":"closed","template":"","meta":{"footnotes":""},"class_list":["post-65638","page","type-page","status-publish","hentry"],"_links":{"self":[{"href":"https:\/\/strongpim.com\/tr\/wp-json\/wp\/v2\/pages\/65638","targetHints":{"allow":["GET"]}}],"collection":[{"href":"https:\/\/strongpim.com\/tr\/wp-json\/wp\/v2\/pages"}],"about":[{"href":"https:\/\/strongpim.com\/tr\/wp-json\/wp\/v2\/types\/page"}],"author":[{"embeddable":true,"href":"https:\/\/strongpim.com\/tr\/wp-json\/wp\/v2\/users\/1"}],"replies":[{"embeddable":true,"href":"https:\/\/strongpim.com\/tr\/wp-json\/wp\/v2\/comments?post=65638"}],"version-history":[{"count":4,"href":"https:\/\/strongpim.com\/tr\/wp-json\/wp\/v2\/pages\/65638\/revisions"}],"predecessor-version":[{"id":65686,"href":"https:\/\/strongpim.com\/tr\/wp-json\/wp\/v2\/pages\/65638\/revisions\/65686"}],"wp:attachment":[{"href":"https:\/\/strongpim.com\/tr\/wp-json\/wp\/v2\/media?parent=65638"}],"curies":[{"name":"wp","href":"https:\/\/api.w.org\/{rel}","templated":true}]}}