{"id":65343,"date":"2024-07-23T11:25:00","date_gmt":"2024-07-23T08:25:00","guid":{"rendered":"https:\/\/strongpim.com\/bize-ulasin\/"},"modified":"2024-12-18T14:20:39","modified_gmt":"2024-12-18T11:20:39","slug":"iletisim","status":"publish","type":"page","link":"https:\/\/strongpim.com\/tr\/iletisim\/","title":{"rendered":"Bize Ula\u015f\u0131n"},"content":{"rendered":"\t\t<div data-elementor-type=\"wp-page\" data-elementor-id=\"65343\" class=\"elementor elementor-65343 elementor-63825\">\n\t\t\t\t\t\t<section class=\"elementor-section elementor-top-section elementor-element elementor-element-760c5cb7 elementor-section-stretched elementor-section-boxed elementor-section-height-default elementor-section-height-default\" data-id=\"760c5cb7\" data-element_type=\"section\" data-settings=\"{&quot;stretch_section&quot;:&quot;section-stretched&quot;,&quot;background_background&quot;:&quot;classic&quot;}\">\n\t\t\t\t\t\t\t<div class=\"elementor-background-overlay\"><\/div>\n\t\t\t\t\t\t\t<div class=\"elementor-container elementor-column-gap-wide\">\n\t\t\t\t\t<div class=\"elementor-column elementor-col-100 elementor-top-column elementor-element elementor-element-47a7c28d\" data-id=\"47a7c28d\" data-element_type=\"column\">\n\t\t\t<div class=\"elementor-widget-wrap elementor-element-populated\">\n\t\t\t\t\t\t<section class=\"elementor-section elementor-inner-section elementor-element elementor-element-2b043528 elementor-section-boxed elementor-section-height-default elementor-section-height-default\" data-id=\"2b043528\" data-element_type=\"section\">\n\t\t\t\t\t\t<div class=\"elementor-container elementor-column-gap-default\">\n\t\t\t\t\t<div class=\"elementor-column elementor-col-33 elementor-inner-column elementor-element elementor-element-687852a5\" data-id=\"687852a5\" data-element_type=\"column\">\n\t\t\t<div class=\"elementor-widget-wrap\">\n\t\t\t\t\t\t\t<\/div>\n\t\t<\/div>\n\t\t\t\t<div class=\"elementor-column elementor-col-33 elementor-inner-column elementor-element elementor-element-2b966389\" data-id=\"2b966389\" data-element_type=\"column\">\n\t\t\t<div class=\"elementor-widget-wrap elementor-element-populated\">\n\t\t\t\t\t\t<div class=\"elementor-element elementor-element-12ab48ea cea-align-center elementor-widget elementor-widget-ceasectiontitle\" data-id=\"12ab48ea\" data-element_type=\"widget\" data-widget_type=\"ceasectiontitle.default\">\n\t\t\t\t<div class=\"elementor-widget-container\">\n\t\t\t\t\t<div class=\"section-title-wrapper\"><div class=\"title-wrap\"><h6 class=\"sub-title\"><span class=\"subtitle-dots\">\u0130leti\u015fime Ge\u00e7in<\/span><\/h6><h2 class=\"section-title\">\u0130leti\u015fim Bilgileri<\/h2><\/div><!-- .title-wrap --><div class=\"section-description\"><\/div><!-- .section-description --><\/div><!-- .section-title-wrapper -->\t\t\t\t<\/div>\n\t\t\t\t<\/div>\n\t\t\t\t\t<\/div>\n\t\t<\/div>\n\t\t\t\t<div class=\"elementor-column elementor-col-33 elementor-inner-column elementor-element elementor-element-fa31a9a\" data-id=\"fa31a9a\" data-element_type=\"column\">\n\t\t\t<div class=\"elementor-widget-wrap\">\n\t\t\t\t\t\t\t<\/div>\n\t\t<\/div>\n\t\t\t\t\t<\/div>\n\t\t<\/section>\n\t\t\t\t<section class=\"elementor-section elementor-inner-section elementor-element elementor-element-3e5e4540 elementor-section-boxed elementor-section-height-default elementor-section-height-default\" data-id=\"3e5e4540\" data-element_type=\"section\" data-settings=\"{&quot;background_background&quot;:&quot;classic&quot;}\">\n\t\t\t\t\t\t<div class=\"elementor-container elementor-column-gap-default\">\n\t\t\t\t\t<div class=\"elementor-column elementor-col-33 elementor-inner-column elementor-element elementor-element-71fec21a\" data-id=\"71fec21a\" data-element_type=\"column\" data-settings=\"{&quot;background_background&quot;:&quot;classic&quot;}\">\n\t\t\t<div class=\"elementor-widget-wrap elementor-element-populated\">\n\t\t\t\t\t\t<div class=\"elementor-element elementor-element-96503a9 custom-link cea-view-default elementor-widget elementor-widget-ceafeaturebox\" data-id=\"96503a9\" data-element_type=\"widget\" data-settings=\"{&quot;_animation&quot;:&quot;none&quot;}\" data-widget_type=\"ceafeaturebox.default\">\n\t\t\t\t<div class=\"elementor-widget-container feature-box-wrapper feature-box-default\">\n\t\t\t<div class=\"feature-box-inner\"><div class=\"cea-featured-icon\"><i aria-hidden=\"true\" class=\" bi-headset\"><\/i><\/div><h4 class=\"feature-box-title\">Telefon Hatt\u0131<\/h4><div class=\"fbox-content\">Genel sorular\u0131n\u0131z i\u00e7in bir arama yap\u0131n.\n\n<a href=\"tel:(+90)536-235-5242\" class=\"d-block mt-3\">(+90)536-235-5242<\/a><\/div><\/div>\t\t<\/div>\n\t\t\t\t<\/div>\n\t\t\t\t\t<\/div>\n\t\t<\/div>\n\t\t\t\t<div class=\"elementor-column elementor-col-33 elementor-inner-column elementor-element elementor-element-61e3f653\" data-id=\"61e3f653\" data-element_type=\"column\" data-settings=\"{&quot;background_background&quot;:&quot;classic&quot;}\">\n\t\t\t<div class=\"elementor-widget-wrap elementor-element-populated\">\n\t\t\t\t\t\t<div class=\"elementor-element elementor-element-68062317 custom-link cea-view-default elementor-widget elementor-widget-ceafeaturebox\" data-id=\"68062317\" data-element_type=\"widget\" data-settings=\"{&quot;_animation&quot;:&quot;none&quot;}\" data-widget_type=\"ceafeaturebox.default\">\n\t\t\t\t<div class=\"elementor-widget-container feature-box-wrapper feature-box-default\">\n\t\t\t<div class=\"feature-box-inner\"><div class=\"cea-featured-icon\"><i aria-hidden=\"true\" class=\" bi-envelope\"><\/i><\/div><h4 class=\"feature-box-title\">E-posta Adresi<\/h4><div class=\"fbox-content\">Genel sorular\u0131n\u0131z i\u00e7in mailinizi g\u00f6nderin.\n\n<a href=\"mailto:info@strongpim.com\" class=\"d-block mt-3\">info@strongpim.com<\/a><\/div><\/div>\t\t<\/div>\n\t\t\t\t<\/div>\n\t\t\t\t\t<\/div>\n\t\t<\/div>\n\t\t\t\t<div class=\"elementor-column elementor-col-33 elementor-inner-column elementor-element elementor-element-52788b51\" data-id=\"52788b51\" data-element_type=\"column\" data-settings=\"{&quot;background_background&quot;:&quot;classic&quot;}\">\n\t\t\t<div class=\"elementor-widget-wrap elementor-element-populated\">\n\t\t\t\t\t\t<div class=\"elementor-element elementor-element-13ecc046 custom-link cea-view-default elementor-widget elementor-widget-ceafeaturebox\" data-id=\"13ecc046\" data-element_type=\"widget\" data-settings=\"{&quot;_animation&quot;:&quot;none&quot;}\" data-widget_type=\"ceafeaturebox.default\">\n\t\t\t\t<div class=\"elementor-widget-container feature-box-wrapper feature-box-default\">\n\t\t\t<div class=\"feature-box-inner\"><div class=\"cea-featured-icon\"><i aria-hidden=\"true\" class=\" bi-geo-alt\"><\/i><\/div><h4 class=\"feature-box-title\">Konumumuz<\/h4><div class=\"fbox-content\">Konaklayan misafirler i\u00e7in konumu g\u00f6r\u00fcnt\u00fcleyin.\n\n<a href=\"#\" class=\"d-block mt-3\">Gebze\/KOCAEL\u0130<\/a><\/div><\/div>\t\t<\/div>\n\t\t\t\t<\/div>\n\t\t\t\t\t<\/div>\n\t\t<\/div>\n\t\t\t\t\t<\/div>\n\t\t<\/section>\n\t\t\t\t\t<\/div>\n\t\t<\/div>\n\t\t\t\t\t<\/div>\n\t\t<\/section>\n\t\t\t\t<section class=\"elementor-section elementor-top-section elementor-element elementor-element-1f608bf6 elementor-section-stretched elementor-section-boxed elementor-section-height-default elementor-section-height-default\" data-id=\"1f608bf6\" data-element_type=\"section\" data-settings=\"{&quot;stretch_section&quot;:&quot;section-stretched&quot;,&quot;background_background&quot;:&quot;classic&quot;}\">\n\t\t\t\t\t\t\t<div class=\"elementor-background-overlay\"><\/div>\n\t\t\t\t\t\t\t<div class=\"elementor-container elementor-column-gap-wide\">\n\t\t\t\t\t<div class=\"elementor-column elementor-col-33 elementor-top-column elementor-element elementor-element-21effdf0\" data-id=\"21effdf0\" data-element_type=\"column\">\n\t\t\t<div class=\"elementor-widget-wrap\">\n\t\t\t\t\t\t\t<\/div>\n\t\t<\/div>\n\t\t\t\t<div class=\"elementor-column elementor-col-33 elementor-top-column elementor-element elementor-element-18f38ac7 custom-contact-form\" data-id=\"18f38ac7\" data-element_type=\"column\" data-settings=\"{&quot;background_background&quot;:&quot;classic&quot;}\">\n\t\t\t<div class=\"elementor-widget-wrap elementor-element-populated\">\n\t\t\t\t\t<div class=\"elementor-background-overlay\"><\/div>\n\t\t\t\t\t\t<div class=\"elementor-element elementor-element-31b6ecd9 cea-align-center elementor-widget elementor-widget-ceasectiontitle\" data-id=\"31b6ecd9\" data-element_type=\"widget\" data-widget_type=\"ceasectiontitle.default\">\n\t\t\t\t<div class=\"elementor-widget-container\">\n\t\t\t\t\t<div class=\"section-title-wrapper c-grey\"><div class=\"title-wrap\"><h6 class=\"sub-title\"><span class=\"subtitle-dots\">Yard\u0131ma \u0130htiyac\u0131n\u0131z Var<\/span><\/h6><h2 class=\"section-title\">Hadi Konu\u015fal\u0131m! Mesaj\u0131n\u0131z\u0131 G\u00f6nderin <\/h2><\/div><!-- .title-wrap --><div class=\"section-description\"><\/div><!-- .section-description --><\/div><!-- .section-title-wrapper -->\t\t\t\t<\/div>\n\t\t\t\t<\/div>\n\t\t\t\t\t<\/div>\n\t\t<\/div>\n\t\t\t\t<div class=\"elementor-column elementor-col-33 elementor-top-column elementor-element elementor-element-2f414462\" data-id=\"2f414462\" data-element_type=\"column\">\n\t\t\t<div class=\"elementor-widget-wrap\">\n\t\t\t\t\t\t\t<\/div>\n\t\t<\/div>\n\t\t\t\t\t<\/div>\n\t\t<\/section>\n\t\t\t\t<section class=\"elementor-section elementor-top-section elementor-element elementor-element-3162bddd elementor-section-full_width elementor-section-stretched elementor-section-height-default elementor-section-height-default\" data-id=\"3162bddd\" data-element_type=\"section\" data-settings=\"{&quot;stretch_section&quot;:&quot;section-stretched&quot;}\">\n\t\t\t\t\t\t<div class=\"elementor-container elementor-column-gap-wide\">\n\t\t\t\t\t<div class=\"elementor-column elementor-col-100 elementor-top-column elementor-element elementor-element-119fc4e7\" data-id=\"119fc4e7\" data-element_type=\"column\">\n\t\t\t<div class=\"elementor-widget-wrap elementor-element-populated\">\n\t\t\t\t\t\t<div class=\"elementor-element elementor-element-319a8bf elementor-widget elementor-widget-google_maps\" data-id=\"319a8bf\" data-element_type=\"widget\" data-widget_type=\"google_maps.default\">\n\t\t\t\t<div class=\"elementor-widget-container\">\n\t\t\t\t\t\t\t<div class=\"elementor-custom-embed\">\n\t\t\t<iframe loading=\"lazy\"\n\t\t\t\t\tsrc=\"https:\/\/maps.google.com\/maps?q=Gebze&#038;t=m&#038;z=10&#038;output=embed&#038;iwloc=near\"\n\t\t\t\t\ttitle=\"Gebze\"\n\t\t\t\t\taria-label=\"Gebze\"\n\t\t\t><\/iframe>\n\t\t<\/div>\n\t\t\t\t\t\t<\/div>\n\t\t\t\t<\/div>\n\t\t\t\t\t<\/div>\n\t\t<\/div>\n\t\t\t\t\t<\/div>\n\t\t<\/section>\n\t\t\t\t<\/div>\n\t\t","protected":false},"excerpt":{"rendered":"<p>\u0130leti\u015fime Ge\u00e7in \u0130leti\u015fim Bilgileri Telefon Hatt\u0131 Genel sorular\u0131n\u0131z i\u00e7in bir arama yap\u0131n. (+90)536-235-5242 E-posta Adresi Genel sorular\u0131n\u0131z i\u00e7in mailinizi g\u00f6nderin. info@strongpim.com Konumumuz Konaklayan misafirler i\u00e7in konumu g\u00f6r\u00fcnt\u00fcleyin&#8230;<\/p>\n","protected":false},"author":1,"featured_media":0,"parent":0,"menu_order":0,"comment_status":"closed","ping_status":"closed","template":"","meta":{"footnotes":""},"class_list":["post-65343","page","type-page","status-publish","hentry"],"_links":{"self":[{"href":"https:\/\/strongpim.com\/tr\/wp-json\/wp\/v2\/pages\/65343","targetHints":{"allow":["GET"]}}],"collection":[{"href":"https:\/\/strongpim.com\/tr\/wp-json\/wp\/v2\/pages"}],"about":[{"href":"https:\/\/strongpim.com\/tr\/wp-json\/wp\/v2\/types\/page"}],"author":[{"embeddable":true,"href":"https:\/\/strongpim.com\/tr\/wp-json\/wp\/v2\/users\/1"}],"replies":[{"embeddable":true,"href":"https:\/\/strongpim.com\/tr\/wp-json\/wp\/v2\/comments?post=65343"}],"version-history":[{"count":6,"href":"https:\/\/strongpim.com\/tr\/wp-json\/wp\/v2\/pages\/65343\/revisions"}],"predecessor-version":[{"id":65637,"href":"https:\/\/strongpim.com\/tr\/wp-json\/wp\/v2\/pages\/65343\/revisions\/65637"}],"wp:attachment":[{"href":"https:\/\/strongpim.com\/tr\/wp-json\/wp\/v2\/media?parent=65343"}],"curies":[{"name":"wp","href":"https:\/\/api.w.org\/{rel}","templated":true}]}}