{"id":65291,"date":"2024-07-23T11:54:00","date_gmt":"2024-07-23T08:54:00","guid":{"rendered":"https:\/\/strongpim.com\/hizmetlerimiz\/"},"modified":"2024-12-16T18:04:38","modified_gmt":"2024-12-16T15:04:38","slug":"hizmetlerimiz","status":"publish","type":"page","link":"https:\/\/strongpim.com\/tr\/hizmetlerimiz\/","title":{"rendered":"Hizmetlerimiz"},"content":{"rendered":"\t\t<div data-elementor-type=\"wp-page\" data-elementor-id=\"65291\" class=\"elementor elementor-65291 elementor-63927\">\n\t\t\t\t\t\t<section class=\"elementor-section elementor-top-section elementor-element elementor-element-19726a47 elementor-section-stretched elementor-section-boxed elementor-section-height-default elementor-section-height-default\" data-id=\"19726a47\" data-element_type=\"section\" data-settings=\"{&quot;stretch_section&quot;:&quot;section-stretched&quot;,&quot;background_background&quot;:&quot;classic&quot;}\">\n\t\t\t\t\t\t<div class=\"elementor-container elementor-column-gap-wide\">\n\t\t\t\t\t<div class=\"elementor-column elementor-col-100 elementor-top-column elementor-element elementor-element-575498c9\" data-id=\"575498c9\" data-element_type=\"column\">\n\t\t\t<div class=\"elementor-widget-wrap elementor-element-populated\">\n\t\t\t\t\t\t<div class=\"elementor-element elementor-element-69248e49 elementor-widget elementor-widget-ceaservice\" data-id=\"69248e49\" data-element_type=\"widget\" data-widget_type=\"ceaservice.default\">\n\t\t\t\t\n\t\t<div class=\"elementor-widget-container service-wrapper service-style-modern service-light service-normal-model\">\n\t\t\n\t\t\t<div class=\"row\"><div class=\"col-lg-4 col-md-4\" ><div class=\"service-inner\"><div class=\"entry-title\"><h4 class=\"post-title-head\"><a href=\"https:\/\/strongpim.com\/tr\/service\/damperli-kepce-pimleri\/\" class=\"post-title\">Damperli Kep\u00e7e Pimleri<\/a><\/h4><\/div><!-- .entry-title --><div class=\"post-excerpt\">Strongpim T\u00fcrkiye Damper Kovas\u0131 Pimleri Bur\u00e7 \u0130malat\u0131 Tedarik\u00e7isi Stronpim, a\u011f\u0131r i\u015f makineleri i\u00e7in..<\/div><!-- .post-excerpt --><div class=\"post-thumb\"><a href=\"https:\/\/strongpim.com\/tr\/service\/damperli-kepce-pimleri\/\" class=\"post-image-link\"><img decoding=\"async\" src=\"https:\/\/strongpim.com\/wp-content\/uploads\/elementor\/thumbs\/dumper-bucket-pins-2-qyqwqm7ob1rdkob7q78fx9m43ov0ar8w4utb1imqgs.jpg\" title=\"dumper-bucket-pins-2\" alt=\"\" class=\"img-fluid squared\" \/><\/a><\/div><!-- .post-thumb --><\/div><!-- .service-inner --><\/div><!-- .col \/ .owl-carousel-item \/ .isotope --><div class=\"col-lg-4 col-md-4\" ><div class=\"service-inner\"><div class=\"entry-title\"><h4 class=\"post-title-head\"><a href=\"https:\/\/strongpim.com\/tr\/service\/sokak-ve-yol-supurme-araclari\/\" class=\"post-title\">Sokak ve Yol S\u00fcp\u00fcrme Ara\u00e7lar\u0131<\/a><\/h4><\/div><!-- .entry-title --><div class=\"post-excerpt\">Strongpim globalpiyasa.com da Sokak ve Yol S\u00fcp\u00fcrme Pimleri ve Bur\u00e7lar\u0131 \u00dcreticisi ve Tedarik\u00e7isi..<\/div><!-- .post-excerpt --><div class=\"post-thumb\"><a href=\"https:\/\/strongpim.com\/tr\/service\/sokak-ve-yol-supurme-araclari\/\" class=\"post-image-link\"><img decoding=\"async\" src=\"https:\/\/strongpim.com\/wp-content\/uploads\/elementor\/thumbs\/Street-and-Road-Sweepers-qyqwr26xj8d921o04w53lnky78o8xm0bv1wk77z1j0.jpg\" title=\"Street and Road Sweepers\" alt=\"\" class=\"img-fluid squared img-fluid squared\" \/><\/a><\/div><!-- .post-thumb --><\/div><!-- .service-inner --><\/div><!-- .col \/ .owl-carousel-item \/ .isotope --><div class=\"col-lg-4 col-md-4\" ><div class=\"service-inner\"><div class=\"entry-title\"><h4 class=\"post-title-head\"><a href=\"https:\/\/strongpim.com\/tr\/service\/beton-ve-bom-pimleri\/\" class=\"post-title\">Beton ve Bom Pimleri<\/a><\/h4><\/div><!-- .entry-title --><div class=\"post-excerpt\">Strongpim in T\u00fcrkiye Beton ve Bom Pompas\u0131 Pimleri ve Bur\u00e7lar\u0131 \u00dcreticisi ve Tedarik\u00e7isi..<\/div><!-- .post-excerpt --><div class=\"post-thumb\"><a href=\"https:\/\/strongpim.com\/tr\/service\/beton-ve-bom-pimleri\/\" class=\"post-image-link\"><img decoding=\"async\" src=\"https:\/\/strongpim.com\/wp-content\/uploads\/elementor\/thumbs\/concrete-boom-pins-qyqwqwjwe85j4dw71tpc6p06mxg1nfdxu9znbk7ekc.jpg\" title=\"concrete boom pins\" alt=\"\" class=\"img-fluid squared img-fluid squared img-fluid squared\" \/><\/a><\/div><!-- .post-thumb --><\/div><!-- .service-inner --><\/div><!-- .col \/ .owl-carousel-item \/ .isotope --><\/div><!-- .row --><div class=\"row\"><div class=\"col-lg-4 col-md-4\" ><div class=\"service-inner\"><div class=\"entry-title\"><h4 class=\"post-title-head\"><a href=\"https:\/\/strongpim.com\/tr\/service\/vinc-kova-pimleri\/\" class=\"post-title\">Vin\u00e7 Kova Pimleri<\/a><\/h4><\/div><!-- .entry-title --><div class=\"post-excerpt\">Strongpim Vin\u00e7 Kovas\u0131 Pimleri ve Bur\u00e7lar\u0131 Y\u00fcksek kaliteli kep\u00e7e pimleri ve bur\u00e7lar\u0131, a\u011f\u0131r..<\/div><!-- .post-excerpt --><div class=\"post-thumb\"><a href=\"https:\/\/strongpim.com\/tr\/service\/vinc-kova-pimleri\/\" class=\"post-image-link\"><img decoding=\"async\" src=\"https:\/\/strongpim.com\/wp-content\/uploads\/elementor\/thumbs\/Cranes-Bucket-Pins-qyqwqrupg1z3ic30t9o7c86vo037kxva5mq7x6edfg.jpg\" title=\"Cranes Bucket Pins\" alt=\"\" class=\"img-fluid squared img-fluid squared img-fluid squared img-fluid squared\" \/><\/a><\/div><!-- .post-thumb --><\/div><!-- .service-inner --><\/div><!-- .col \/ .owl-carousel-item \/ .isotope --><div class=\"col-lg-4 col-md-4\" ><div class=\"service-inner\"><div class=\"entry-title\"><h4 class=\"post-title-head\"><a href=\"https:\/\/strongpim.com\/tr\/service\/ekskavator-pimleri\/\" class=\"post-title\">Ekskavat\u00f6r Pimleri<\/a><\/h4><\/div><!-- .entry-title --><div class=\"post-excerpt\">Strongpim Ekskavat\u00f6r Pimleri Ekskavat\u00f6rler, d\u00fcnya \u00e7ap\u0131nda her b\u00fcy\u00fckl\u00fckteki in\u015faat projesinde yayg\u0131n olarak kullan\u0131lmaktad\u0131r...<\/div><!-- .post-excerpt --><div class=\"post-thumb\"><a href=\"https:\/\/strongpim.com\/tr\/service\/ekskavator-pimleri\/\" class=\"post-image-link\"><img decoding=\"async\" src=\"https:\/\/strongpim.com\/wp-content\/uploads\/elementor\/thumbs\/excavator-pins-2-qyqwqhihcvkxymi1hn7b2sst4ri689q8g7jvn4tpbw.jpg\" title=\"excavator-pins-2\" alt=\"\" class=\"img-fluid squared img-fluid squared img-fluid squared img-fluid squared img-fluid squared\" \/><\/a><\/div><!-- .post-thumb --><\/div><!-- .service-inner --><\/div><!-- .col \/ .owl-carousel-item \/ .isotope --><div class=\"col-lg-4 col-md-4\" ><div class=\"service-inner\"><div class=\"entry-title\"><h4 class=\"post-title-head\"><a href=\"https:\/\/strongpim.com\/tr\/service\/asfalt-silindirleri\/\" class=\"post-title\">Asfalt Silindirleri<\/a><\/h4><\/div><!-- .entry-title --><div class=\"post-excerpt\">Stronpim Asfalt Silindirleri M\u00fc\u015fteri gereksinimlerine g\u00f6re asfalt silindirleri i\u00e7in kaba, \u00f6nceden i\u015flenmi\u015f ve..<\/div><!-- .post-excerpt --><div class=\"post-thumb\"><a href=\"https:\/\/strongpim.com\/tr\/service\/asfalt-silindirleri\/\" class=\"post-image-link\"><img decoding=\"async\" src=\"https:\/\/strongpim.com\/wp-content\/uploads\/elementor\/thumbs\/Asphalt-Rollers-qyqnxfka3nk3tp1fv3gkjb2jqw82vo1n6xqt44xa4c.jpg\" title=\"Asphalt Rollers\" alt=\"\" class=\"img-fluid squared img-fluid squared img-fluid squared img-fluid squared img-fluid squared img-fluid squared\" \/><\/a><\/div><!-- .post-thumb --><\/div><!-- .service-inner --><\/div><!-- .col \/ .owl-carousel-item \/ .isotope --><\/div><!-- .row -->\t\t\t\n\t\t<\/div>\n\t\t\t\t<\/div>\n\t\t\t\t\t<\/div>\n\t\t<\/div>\n\t\t\t\t\t<\/div>\n\t\t<\/section>\n\t\t\t\t<\/div>\n\t\t","protected":false},"excerpt":{"rendered":"<p>Dumpers Bucket Pins Strongpim Dumper Bucket Pins Bushing Manufacturing Supplier in Turkey Stronpim..<\/p>\n","protected":false},"author":1,"featured_media":0,"parent":0,"menu_order":0,"comment_status":"closed","ping_status":"closed","template":"","meta":{"footnotes":""},"class_list":["post-65291","page","type-page","status-publish","hentry"],"_links":{"self":[{"href":"https:\/\/strongpim.com\/tr\/wp-json\/wp\/v2\/pages\/65291","targetHints":{"allow":["GET"]}}],"collection":[{"href":"https:\/\/strongpim.com\/tr\/wp-json\/wp\/v2\/pages"}],"about":[{"href":"https:\/\/strongpim.com\/tr\/wp-json\/wp\/v2\/types\/page"}],"author":[{"embeddable":true,"href":"https:\/\/strongpim.com\/tr\/wp-json\/wp\/v2\/users\/1"}],"replies":[{"embeddable":true,"href":"https:\/\/strongpim.com\/tr\/wp-json\/wp\/v2\/comments?post=65291"}],"version-history":[{"count":1,"href":"https:\/\/strongpim.com\/tr\/wp-json\/wp\/v2\/pages\/65291\/revisions"}],"predecessor-version":[{"id":65292,"href":"https:\/\/strongpim.com\/tr\/wp-json\/wp\/v2\/pages\/65291\/revisions\/65292"}],"wp:attachment":[{"href":"https:\/\/strongpim.com\/tr\/wp-json\/wp\/v2\/media?parent=65291"}],"curies":[{"name":"wp","href":"https:\/\/api.w.org\/{rel}","templated":true}]}}