{"id":65277,"date":"2024-07-23T11:07:00","date_gmt":"2024-07-23T08:07:00","guid":{"rendered":"https:\/\/strongpim.com\/hakkimizda\/"},"modified":"2024-12-18T12:17:11","modified_gmt":"2024-12-18T09:17:11","slug":"hakkimizda","status":"publish","type":"page","link":"https:\/\/strongpim.com\/tr\/hakkimizda\/","title":{"rendered":"Hakk\u0131m\u0131zda"},"content":{"rendered":"\t\t<div data-elementor-type=\"wp-page\" data-elementor-id=\"65277\" class=\"elementor elementor-65277 elementor-63780\">\n\t\t\t\t\t\t<section class=\"elementor-section elementor-top-section elementor-element elementor-element-21b516cb elementor-section-stretched elementor-section-boxed elementor-section-height-default elementor-section-height-default\" data-id=\"21b516cb\" data-element_type=\"section\" data-settings=\"{&quot;stretch_section&quot;:&quot;section-stretched&quot;}\">\n\t\t\t\t\t\t<div class=\"elementor-container elementor-column-gap-wide\">\n\t\t\t\t\t<div class=\"elementor-column elementor-col-100 elementor-top-column elementor-element elementor-element-7f68cbf7\" data-id=\"7f68cbf7\" data-element_type=\"column\">\n\t\t\t<div class=\"elementor-widget-wrap elementor-element-populated\">\n\t\t\t\t\t\t<div class=\"elementor-element elementor-element-38453125 elementor-widget elementor-widget-image\" data-id=\"38453125\" data-element_type=\"widget\" data-widget_type=\"image.default\">\n\t\t\t\t<div class=\"elementor-widget-container\">\n\t\t\t\t\t\t\t\t\t\t\t\t\t\t\t<img fetchpriority=\"high\" decoding=\"async\" width=\"1400\" height=\"655\" src=\"https:\/\/strongpim.com\/wp-content\/uploads\/2024\/12\/about-us-banner-1.jpg\" class=\"attachment-full size-full wp-image-64643\" alt=\"\" srcset=\"https:\/\/strongpim.com\/wp-content\/uploads\/2024\/12\/about-us-banner-1.jpg 1400w, https:\/\/strongpim.com\/wp-content\/uploads\/2024\/12\/about-us-banner-1-768x359.jpg 768w, https:\/\/strongpim.com\/wp-content\/uploads\/2024\/12\/about-us-banner-1-1200x561.jpg 1200w\" sizes=\"(max-width: 1400px) 100vw, 1400px\" \/>\t\t\t\t\t\t\t\t\t\t\t\t\t\t\t<\/div>\n\t\t\t\t<\/div>\n\t\t\t\t\t<\/div>\n\t\t<\/div>\n\t\t\t\t\t<\/div>\n\t\t<\/section>\n\t\t\t\t<section class=\"elementor-section elementor-top-section elementor-element elementor-element-d16068f elementor-section-stretched elementor-section-boxed elementor-section-height-default elementor-section-height-default\" data-id=\"d16068f\" data-element_type=\"section\" data-settings=\"{&quot;stretch_section&quot;:&quot;section-stretched&quot;}\">\n\t\t\t\t\t\t<div class=\"elementor-container elementor-column-gap-wide\">\n\t\t\t\t\t<div class=\"elementor-column elementor-col-50 elementor-top-column elementor-element elementor-element-11cd10ca\" data-id=\"11cd10ca\" data-element_type=\"column\">\n\t\t\t<div class=\"elementor-widget-wrap elementor-element-populated\">\n\t\t\t\t\t\t<section class=\"elementor-section elementor-inner-section elementor-element elementor-element-2386de05 elementor-section-boxed elementor-section-height-default elementor-section-height-default\" data-id=\"2386de05\" data-element_type=\"section\">\n\t\t\t\t\t\t<div class=\"elementor-container elementor-column-gap-wide\">\n\t\t\t\t\t<div class=\"elementor-column elementor-col-50 elementor-inner-column elementor-element elementor-element-4ce3aac8\" data-id=\"4ce3aac8\" data-element_type=\"column\" data-settings=\"{&quot;background_background&quot;:&quot;classic&quot;}\">\n\t\t\t<div class=\"elementor-widget-wrap elementor-element-populated\">\n\t\t\t\t\t\t<div class=\"elementor-element elementor-element-4cdc02ea cea-view-default elementor-widget elementor-widget-ceafeaturebox\" data-id=\"4cdc02ea\" data-element_type=\"widget\" data-widget_type=\"ceafeaturebox.default\">\n\t\t\t\t<div class=\"elementor-widget-container feature-box-wrapper feature-box-default\">\n\t\t\t<div class=\"feature-box-inner\"><h4 class=\"feature-box-title\">Neden Bizi Se\u00e7melisiniz?<\/h4><div class=\"fbox-content\">Y\u00fcksek kaliteli buldozer alt tak\u0131m par\u00e7alar\u0131 ar\u0131yorsan\u0131z, Stronpim a\u011f\u0131r makine ihtiya\u00e7lar\u0131n\u0131z i\u00e7in g\u00fcvenilir bir se\u00e7imdir.<\/div><\/div>\t\t<\/div>\n\t\t\t\t<\/div>\n\t\t\t\t\t<\/div>\n\t\t<\/div>\n\t\t\t\t<div class=\"elementor-column elementor-col-50 elementor-inner-column elementor-element elementor-element-690ac8da\" data-id=\"690ac8da\" data-element_type=\"column\">\n\t\t\t<div class=\"elementor-widget-wrap\">\n\t\t\t\t\t\t\t<\/div>\n\t\t<\/div>\n\t\t\t\t\t<\/div>\n\t\t<\/section>\n\t\t\t\t<div class=\"elementor-element elementor-element-28003e25 cea-align-left elementor-widget elementor-widget-ceasectiontitle\" data-id=\"28003e25\" data-element_type=\"widget\" data-widget_type=\"ceasectiontitle.default\">\n\t\t\t\t<div class=\"elementor-widget-container\">\n\t\t\t\t\t<div class=\"section-title-wrapper\"><div class=\"title-wrap\"><h6 class=\"sub-title\"><span class=\"subtitle-dots\">\u015eirketimiz Hakk\u0131nda<\/span><\/h6><h2 class=\"section-title\">Kaliteli Pim Hizmeti Veriyoruz.<\/h2><\/div><!-- .title-wrap --><div class=\"section-description\"><\/div><!-- .section-description --><\/div><!-- .section-title-wrapper -->\t\t\t\t<\/div>\n\t\t\t\t<\/div>\n\t\t\t\t\t<\/div>\n\t\t<\/div>\n\t\t\t\t<div class=\"elementor-column elementor-col-50 elementor-top-column elementor-element elementor-element-4e88e0fc\" data-id=\"4e88e0fc\" data-element_type=\"column\">\n\t\t\t<div class=\"elementor-widget-wrap elementor-element-populated\">\n\t\t\t\t\t\t<div class=\"elementor-element elementor-element-3483a668 elementor-invisible elementor-widget elementor-widget-text-editor\" data-id=\"3483a668\" data-element_type=\"widget\" data-settings=\"{&quot;_animation&quot;:&quot;fadeInUp&quot;}\" data-widget_type=\"text-editor.default\">\n\t\t\t\t<div class=\"elementor-widget-container\">\n\t\t\t\t\t\t\t\t\t<p>A\u011f\u0131r makine par\u00e7alar\u0131n\u0131z\u0131 bizden sat\u0131n ald\u0131\u011f\u0131n\u0131zda, uzmanlar taraf\u0131ndan iyice incelenmi\u015f dayan\u0131kl\u0131 ekipman ald\u0131\u011f\u0131n\u0131zdan emin olabilirsiniz.<\/p>\n\t\t\t\t\t\t\t\t<\/div>\n\t\t\t\t<\/div>\n\t\t\t\t<section class=\"elementor-section elementor-inner-section elementor-element elementor-element-12671862 elementor-section-boxed elementor-section-height-default elementor-section-height-default elementor-invisible\" data-id=\"12671862\" data-element_type=\"section\" data-settings=\"{&quot;animation&quot;:&quot;fadeInUp&quot;}\">\n\t\t\t\t\t\t<div class=\"elementor-container elementor-column-gap-default\">\n\t\t\t\t\t<div class=\"elementor-column elementor-col-50 elementor-inner-column elementor-element elementor-element-5ae2dd4c\" data-id=\"5ae2dd4c\" data-element_type=\"column\">\n\t\t\t<div class=\"elementor-widget-wrap elementor-element-populated\">\n\t\t\t\t\t\t<div class=\"elementor-element elementor-element-531330ff cea-view-default elementor-widget elementor-widget-ceafeaturebox\" data-id=\"531330ff\" data-element_type=\"widget\" data-widget_type=\"ceafeaturebox.default\">\n\t\t\t\t<div class=\"elementor-widget-container feature-box-wrapper feature-box-default\">\n\t\t\t<div class=\"feature-box-inner\"><h4 class=\"feature-box-title\">100 M\u00fc\u015fteri Memnuniyeti<\/h4><div class=\"fbox-content\">7\/24 g\u00fcvenilir ve kaliteli hizmet sunan yetenekli uzmanlarla \u00e7al\u0131\u015f\u0131yoruz.<\/div><\/div>\t\t<\/div>\n\t\t\t\t<\/div>\n\t\t\t\t\t<\/div>\n\t\t<\/div>\n\t\t\t\t<div class=\"elementor-column elementor-col-50 elementor-inner-column elementor-element elementor-element-328fc227\" data-id=\"328fc227\" data-element_type=\"column\">\n\t\t\t<div class=\"elementor-widget-wrap elementor-element-populated\">\n\t\t\t\t\t\t<div class=\"elementor-element elementor-element-ec3e172 cea-view-default elementor-widget elementor-widget-ceacounter\" data-id=\"ec3e172\" data-element_type=\"widget\" data-widget_type=\"ceacounter.default\">\n\t\t\t\t\r\n\t\t<div class=\"elementor-widget-container cea-counter-wrapper  cea-counter-style-default\">\r\n\t\t\r\n\t\t\t<div class=\"counter-value\"><h3><span class=\"counter-up\" data-count=\"100\" data-duration=\"2000\">0<\/span><span class=\"counter-suffix\">+<\/span><\/h3><\/div><!-- .counter-value --><div class=\"counter-title\"><h5 class=\"counter-title-head\">\u00dcr\u00fcnlerimiz<\/h5><\/div><!-- .counter-title -->\t\t\t\r\n\t\t<\/div>\r\n\t\t\t\t<\/div>\n\t\t\t\t\t<\/div>\n\t\t<\/div>\n\t\t\t\t\t<\/div>\n\t\t<\/section>\n\t\t\t\t\t<\/div>\n\t\t<\/div>\n\t\t\t\t\t<\/div>\n\t\t<\/section>\n\t\t\t\t<section class=\"elementor-section elementor-top-section elementor-element elementor-element-1d8c41a0 elementor-section-stretched bg-remove-1 vertical-bg-img elementor-section-content-middle elementor-section-boxed elementor-section-height-default elementor-section-height-default\" data-id=\"1d8c41a0\" data-element_type=\"section\" data-settings=\"{&quot;stretch_section&quot;:&quot;section-stretched&quot;,&quot;background_background&quot;:&quot;classic&quot;}\">\n\t\t\t\t\t\t\t<div class=\"elementor-background-overlay\"><\/div>\n\t\t\t\t\t\t\t<div class=\"elementor-container elementor-column-gap-wide\">\n\t\t\t\t\t<div class=\"elementor-column elementor-col-50 elementor-top-column elementor-element elementor-element-38bc7224\" data-id=\"38bc7224\" data-element_type=\"column\">\n\t\t\t<div class=\"elementor-widget-wrap elementor-element-populated\">\n\t\t\t\t\t\t<div class=\"elementor-element elementor-element-375a338e cea-align-left elementor-invisible elementor-widget elementor-widget-ceasectiontitle\" data-id=\"375a338e\" data-element_type=\"widget\" data-settings=\"{&quot;_animation&quot;:&quot;fadeInUp&quot;}\" data-widget_type=\"ceasectiontitle.default\">\n\t\t\t\t<div class=\"elementor-widget-container\">\n\t\t\t\t\t<div class=\"section-title-wrapper c-dark\"><div class=\"title-wrap\"><h6 class=\"sub-title\"><span class=\"subtitle-dots\">Neden Bizi Se\u00e7melisiniz<\/span><\/h6><h2 class=\"section-title\">Ekskavat\u00f6r, Dozer ve Sokak S\u00fcp\u00fcrme Ara\u00e7lar\u0131<\/h2><\/div><!-- .title-wrap --><div class=\"section-description\"><\/div><!-- .section-description --><\/div><!-- .section-title-wrapper -->\t\t\t\t<\/div>\n\t\t\t\t<\/div>\n\t\t\t\t<section class=\"elementor-section elementor-inner-section elementor-element elementor-element-292d5c99 elementor-section-boxed elementor-section-height-default elementor-section-height-default\" data-id=\"292d5c99\" data-element_type=\"section\">\n\t\t\t\t\t\t<div class=\"elementor-container elementor-column-gap-default\">\n\t\t\t\t\t<div class=\"elementor-column elementor-col-100 elementor-inner-column elementor-element elementor-element-67e9d651\" data-id=\"67e9d651\" data-element_type=\"column\">\n\t\t\t<div class=\"elementor-widget-wrap elementor-element-populated\">\n\t\t\t\t\t\t<div class=\"elementor-element elementor-element-6a0e8158 cus-num cea-view-default elementor-invisible elementor-widget elementor-widget-ceafeaturebox\" data-id=\"6a0e8158\" data-element_type=\"widget\" data-settings=\"{&quot;_animation&quot;:&quot;fadeInUp&quot;}\" data-widget_type=\"ceafeaturebox.default\">\n\t\t\t\t<div class=\"elementor-widget-container feature-box-wrapper feature-box-default\">\n\t\t\t<div class=\"media\"><div class=\"media-icon-part align-self-center\"><div class=\"fbox-number\">01<\/div><\/div><div class=\"media-body align-self-center\"><h4 class=\"feature-box-title\">Profesyonel Hizmetler<\/h4><div class=\"fbox-content\">Uzman ekibimiz \u015feffaf bir s\u00fcre\u00e7 sa\u011flayarak m\u00fc\u015fterileri bilgilendirir ve kapsaml\u0131 hizmetlerle do\u011fru \u00fcr\u00fcnleri se\u00e7melerine yard\u0131mc\u0131 olur.<\/div><\/div><!-- .media-body --><\/div><!-- .media -->\t\t<\/div>\n\t\t\t\t<\/div>\n\t\t\t\t<div class=\"elementor-element elementor-element-4e7597ee cus-num cea-view-default elementor-invisible elementor-widget elementor-widget-ceafeaturebox\" data-id=\"4e7597ee\" data-element_type=\"widget\" data-settings=\"{&quot;_animation&quot;:&quot;fadeInUp&quot;}\" data-widget_type=\"ceafeaturebox.default\">\n\t\t\t\t<div class=\"elementor-widget-container feature-box-wrapper feature-box-default\">\n\t\t\t<div class=\"media\"><div class=\"media-icon-part align-self-center\"><div class=\"fbox-number\">02<\/div><\/div><div class=\"media-body align-self-center\"><h4 class=\"feature-box-title\">Yenilik\u00e7i Teknolojiler<\/h4><div class=\"fbox-content\">\u00dcretim m\u00fckemmelli\u011fini inovasyonla birle\u015ftiren ki\u015fiselle\u015ftirilmi\u015f yakla\u015f\u0131m\u0131m\u0131z, m\u00fc\u015fteri ihtiya\u00e7lar\u0131n\u0131 etkin bir \u015fekilde desteklememizi ve kar\u015f\u0131lamam\u0131z\u0131 sa\u011flar.<\/div><\/div><!-- .media-body --><\/div><!-- .media -->\t\t<\/div>\n\t\t\t\t<\/div>\n\t\t\t\t<div class=\"elementor-element elementor-element-39fe184a cea-btn-tablet-align-left cea-btn-style-1 elementor-invisible elementor-widget elementor-widget-ceabutton\" data-id=\"39fe184a\" data-element_type=\"widget\" data-settings=\"{&quot;_animation&quot;:&quot;fadeInUp&quot;}\" data-widget_type=\"ceabutton.default\">\n\t\t\t\t<div class=\"elementor-widget-container cea-button-wrapper\">\r\n\t\t\t\t\t<div class=\"cea-button-wrapper\">\r\n\t\t\t<a href=\"https:\/\/strongpim.com\/our-services\/\" class=\"cea-button-link elementor-button cea-button elementor-size-sm\">\r\n\t\t\t\t\t\t<span class=\"cea-button-content-wrapper\">\r\n\t\t\t\t\t\t<span class=\"cea-button-icon cea-align-icon-right\">\r\n\t\t\t\t<i aria-hidden=\"true\" class=\" bi-arrow-up-right\"><\/i>\t\t\t<\/span>\r\n\t\t\t\t\t\t<span class=\"cea-button-text\">Daha Fazla Bilgi<\/span>\r\n\t\t<\/span>\r\n\t\t\t\t\t<\/a>\r\n\t\t<\/div>\r\n\t\t\t\t<\/div>\r\n\t\t\t\t<\/div>\n\t\t\t\t\t<\/div>\n\t\t<\/div>\n\t\t\t\t\t<\/div>\n\t\t<\/section>\n\t\t\t\t\t<\/div>\n\t\t<\/div>\n\t\t\t\t<div class=\"elementor-column elementor-col-50 elementor-top-column elementor-element elementor-element-6a967047\" data-id=\"6a967047\" data-element_type=\"column\" data-settings=\"{&quot;background_background&quot;:&quot;classic&quot;}\">\n\t\t\t<div class=\"elementor-widget-wrap elementor-element-populated\">\n\t\t\t\t\t\t<div class=\"elementor-element elementor-element-546787dc elementor-widget elementor-widget-image\" data-id=\"546787dc\" data-element_type=\"widget\" data-widget_type=\"image.default\">\n\t\t\t\t<div class=\"elementor-widget-container\">\n\t\t\t\t\t\t\t\t\t\t\t\t\t\t\t<img decoding=\"async\" width=\"1625\" height=\"1080\" src=\"https:\/\/strongpim.com\/wp-content\/uploads\/2024\/12\/anasayfa-orta-2.png\" class=\"attachment-full size-full wp-image-64535\" alt=\"\" srcset=\"https:\/\/strongpim.com\/wp-content\/uploads\/2024\/12\/anasayfa-orta-2.png 1625w, https:\/\/strongpim.com\/wp-content\/uploads\/2024\/12\/anasayfa-orta-2-768x510.png 768w, https:\/\/strongpim.com\/wp-content\/uploads\/2024\/12\/anasayfa-orta-2-1536x1021.png 1536w, https:\/\/strongpim.com\/wp-content\/uploads\/2024\/12\/anasayfa-orta-2-1200x798.png 1200w\" sizes=\"(max-width: 1625px) 100vw, 1625px\" \/>\t\t\t\t\t\t\t\t\t\t\t\t\t\t\t<\/div>\n\t\t\t\t<\/div>\n\t\t\t\t<div class=\"elementor-element elementor-element-3982e603 e-transform elementor-hidden-tablet elementor-hidden-mobile elementor-widget elementor-widget-image\" data-id=\"3982e603\" data-element_type=\"widget\" data-settings=\"{&quot;_transform_translateX_effect&quot;:{&quot;unit&quot;:&quot;px&quot;,&quot;size&quot;:-15,&quot;sizes&quot;:[]},&quot;_transform_translateX_effect_tablet&quot;:{&quot;unit&quot;:&quot;px&quot;,&quot;size&quot;:&quot;&quot;,&quot;sizes&quot;:[]},&quot;_transform_translateX_effect_mobile&quot;:{&quot;unit&quot;:&quot;px&quot;,&quot;size&quot;:&quot;&quot;,&quot;sizes&quot;:[]},&quot;_transform_translateY_effect&quot;:{&quot;unit&quot;:&quot;px&quot;,&quot;size&quot;:&quot;&quot;,&quot;sizes&quot;:[]},&quot;_transform_translateY_effect_tablet&quot;:{&quot;unit&quot;:&quot;px&quot;,&quot;size&quot;:&quot;&quot;,&quot;sizes&quot;:[]},&quot;_transform_translateY_effect_mobile&quot;:{&quot;unit&quot;:&quot;px&quot;,&quot;size&quot;:&quot;&quot;,&quot;sizes&quot;:[]}}\" data-widget_type=\"image.default\">\n\t\t\t\t<div class=\"elementor-widget-container\">\n\t\t\t\t\t\t\t\t\t\t\t\t\t\t\t<img decoding=\"async\" width=\"700\" height=\"606\" src=\"https:\/\/strongpim.com\/wp-content\/uploads\/2023\/11\/triangle-white.png\" class=\"attachment-full size-full wp-image-55629\" alt=\"\" \/>\t\t\t\t\t\t\t\t\t\t\t\t\t\t\t<\/div>\n\t\t\t\t<\/div>\n\t\t\t\t\t<\/div>\n\t\t<\/div>\n\t\t\t\t\t<\/div>\n\t\t<\/section>\n\t\t<div class=\"elementor-element elementor-element-b209ee2 e-grid e-con-boxed e-con e-parent\" data-id=\"b209ee2\" data-element_type=\"container\">\n\t\t\t\t\t<div class=\"e-con-inner\">\n\t\t\t\t\t<\/div>\n\t\t\t\t<\/div>\n\t\t\t\t<\/div>\n\t\t","protected":false},"excerpt":{"rendered":"<p>Neden Bizi Se\u00e7melisiniz? Y\u00fcksek kaliteli buldozer alt tak\u0131m par\u00e7alar\u0131 ar\u0131yorsan\u0131z, Stronpim a\u011f\u0131r makine ihtiya\u00e7lar\u0131n\u0131z i\u00e7in g\u00fcvenilir bir se\u00e7imdir. \u015eirketimiz Hakk\u0131nda Kaliteli Pim Hizmeti Veriyoruz. A\u011f\u0131r makine par\u00e7alar\u0131n\u0131z\u0131..<\/p>\n","protected":false},"author":1,"featured_media":0,"parent":0,"menu_order":0,"comment_status":"closed","ping_status":"closed","template":"","meta":{"footnotes":""},"class_list":["post-65277","page","type-page","status-publish","hentry"],"_links":{"self":[{"href":"https:\/\/strongpim.com\/tr\/wp-json\/wp\/v2\/pages\/65277","targetHints":{"allow":["GET"]}}],"collection":[{"href":"https:\/\/strongpim.com\/tr\/wp-json\/wp\/v2\/pages"}],"about":[{"href":"https:\/\/strongpim.com\/tr\/wp-json\/wp\/v2\/types\/page"}],"author":[{"embeddable":true,"href":"https:\/\/strongpim.com\/tr\/wp-json\/wp\/v2\/users\/1"}],"replies":[{"embeddable":true,"href":"https:\/\/strongpim.com\/tr\/wp-json\/wp\/v2\/comments?post=65277"}],"version-history":[{"count":5,"href":"https:\/\/strongpim.com\/tr\/wp-json\/wp\/v2\/pages\/65277\/revisions"}],"predecessor-version":[{"id":65602,"href":"https:\/\/strongpim.com\/tr\/wp-json\/wp\/v2\/pages\/65277\/revisions\/65602"}],"wp:attachment":[{"href":"https:\/\/strongpim.com\/tr\/wp-json\/wp\/v2\/media?parent=65277"}],"curies":[{"name":"wp","href":"https:\/\/api.w.org\/{rel}","templated":true}]}}